{"id":33,"date":"2021-09-24T12:09:00","date_gmt":"2021-09-24T10:09:00","guid":{"rendered":"http:\/\/mairie-mauvezinsurgupie.com\/?page_id=33"},"modified":"2026-03-09T09:09:47","modified_gmt":"2026-03-09T08:09:47","slug":"infos-pratiques","status":"publish","type":"page","link":"https:\/\/mairie-mauvezinsurgupie.com\/?page_id=33","title":{"rendered":"Infos Pratiques"},"content":{"rendered":"\n<p>R\u00e9glez vos factures en ligne par carte bleue ou pr\u00e9l\u00e8vement unique gr\u00e2ce \u00e0 la plateforme PAYFIP<\/p>\n\n\n\n<p>rendez-vous sur <a href=\"http:\/\/www.payfip.gouv.fr\">http:\/\/www.payfip.gouv.fr<\/a><\/p>\n\n\n\n<div class=\"wp-block-file\"><object class=\"wp-block-file__embed\" data=\"https:\/\/mairie-mauvezinsurgupie.com\/wp-content\/uploads\/2022\/07\/print_1_Affiche-A4-payfip.pdf\" type=\"application\/pdf\" style=\"width:100%;height:600px\" aria-label=\"Embed of print_1_Affiche-A4-payfip.\"><\/object><a id=\"wp-block-file--media-3425ee50-d84c-4b58-b9c8-b9a574dcc8fd\" href=\"https:\/\/mairie-mauvezinsurgupie.com\/wp-content\/uploads\/2022\/07\/print_1_Affiche-A4-payfip.pdf\">print_1_Affiche-A4-payfip<\/a><a href=\"https:\/\/mairie-mauvezinsurgupie.com\/wp-content\/uploads\/2022\/07\/print_1_Affiche-A4-payfip.pdf\" class=\"wp-block-file__button wp-element-button\" download aria-describedby=\"wp-block-file--media-3425ee50-d84c-4b58-b9c8-b9a574dcc8fd\">Download<\/a><\/div>\n\n\n\n<p>RECENSEMENT NATIONAL &#8211; PENSEZ-Y<\/p>\n\n\n\n<div class=\"wp-block-file\"><object class=\"wp-block-file__embed\" data=\"https:\/\/mairie-mauvezinsurgupie.com\/wp-content\/uploads\/2026\/03\/DSNJ_2026_recensement_defense_flyer_VF.pdf\" type=\"application\/pdf\" style=\"width:100%;height:600px\" aria-label=\"Embed of DSNJ_2026_recensement_defense_flyer_VF.\"><\/object><a id=\"wp-block-file--media-973dfa5b-3c85-47f9-a72a-56a5be3da99c\" href=\"https:\/\/mairie-mauvezinsurgupie.com\/wp-content\/uploads\/2026\/03\/DSNJ_2026_recensement_defense_flyer_VF.pdf\">DSNJ_2026_recensement_defense_flyer_VF<\/a><a href=\"https:\/\/mairie-mauvezinsurgupie.com\/wp-content\/uploads\/2026\/03\/DSNJ_2026_recensement_defense_flyer_VF.pdf\" class=\"wp-block-file__button wp-element-button\" download aria-describedby=\"wp-block-file--media-973dfa5b-3c85-47f9-a72a-56a5be3da99c\">Download<\/a><\/div>\n","protected":false},"excerpt":{"rendered":"<p>R\u00e9glez vos factures en ligne par carte bleue ou pr\u00e9l\u00e8vement unique gr\u00e2ce \u00e0 la plateforme PAYFIP rendez-vous sur http:\/\/www.payfip.gouv.fr RECENSEMENT NATIONAL &#8211; PENSEZ-Y<\/p>\n","protected":false},"author":1,"featured_media":0,"parent":0,"menu_order":0,"comment_status":"closed","ping_status":"closed","template":"","meta":[],"_links":{"self":[{"href":"https:\/\/mairie-mauvezinsurgupie.com\/index.php?rest_route=\/wp\/v2\/pages\/33"}],"collection":[{"href":"https:\/\/mairie-mauvezinsurgupie.com\/index.php?rest_route=\/wp\/v2\/pages"}],"about":[{"href":"https:\/\/mairie-mauvezinsurgupie.com\/index.php?rest_route=\/wp\/v2\/types\/page"}],"author":[{"embeddable":true,"href":"https:\/\/mairie-mauvezinsurgupie.com\/index.php?rest_route=\/wp\/v2\/users\/1"}],"replies":[{"embeddable":true,"href":"https:\/\/mairie-mauvezinsurgupie.com\/index.php?rest_route=%2Fwp%2Fv2%2Fcomments&post=33"}],"version-history":[{"count":4,"href":"https:\/\/mairie-mauvezinsurgupie.com\/index.php?rest_route=\/wp\/v2\/pages\/33\/revisions"}],"predecessor-version":[{"id":1578,"href":"https:\/\/mairie-mauvezinsurgupie.com\/index.php?rest_route=\/wp\/v2\/pages\/33\/revisions\/1578"}],"wp:attachment":[{"href":"https:\/\/mairie-mauvezinsurgupie.com\/index.php?rest_route=%2Fwp%2Fv2%2Fmedia&parent=33"}],"curies":[{"name":"wp","href":"https:\/\/api.w.org\/{rel}","templated":true}]}}