{"id":26,"date":"2021-09-24T12:04:43","date_gmt":"2021-09-24T10:04:43","guid":{"rendered":"http:\/\/mairie-mauvezinsurgupie.com\/?page_id=26"},"modified":"2024-03-15T11:24:59","modified_gmt":"2024-03-15T10:24:59","slug":"vga","status":"publish","type":"page","link":"https:\/\/mairie-mauvezinsurgupie.com\/?page_id=26","title":{"rendered":"Val de Garonne"},"content":{"rendered":"\n<div class=\"is-layout-flex wp-container-2 wp-block-columns\">\n<div class=\"is-layout-flow wp-block-column\">\n<p>Depuis maintenant vingt ans, les communes ont confi\u00e9 \u00e0 Val de Garonne Agglom\u00e9ration la gestion de nombreuses comp\u00e9tences essentielles au d\u00e9veloppement du territoire.<\/p>\n\n\n\n<p>Avec souvent des enjeux qui d\u00e9passent les seules fronti\u00e8res communales.<\/p>\n\n\n\n<p>D\u00e9velopper l\u2019\u00e9conomie locale en favorisant les services propos\u00e9s \u00e0 la population, agir pour une utilisation raisonn\u00e9e de notre environnement, rationaliser l\u2019am\u00e9nagement de notre territoire, soutenir les administr\u00e9s dans leurs d\u00e9marches pour le logement, l\u2019emploi, l\u2019accessibilit\u00e9\u2026 l\u2019Agglo r\u00e9pond \u00e0 toutes ces probl\u00e9matiques quotidiennes.<\/p>\n\n\n\n<p><strong><u>Un site 100 % orient\u00e9 usagers<\/u><\/strong><\/p>\n\n\n\n<figure class=\"wp-block-image size-large is-resized\"><img decoding=\"async\" loading=\"lazy\" src=\"https:\/\/mairie-mauvezinsurgupie.com\/wp-content\/uploads\/2024\/03\/Capture-decran-2024-03-15-111943-1024x331.png\" alt=\"\" class=\"wp-image-949\" width=\"512\" height=\"166\" srcset=\"https:\/\/mairie-mauvezinsurgupie.com\/wp-content\/uploads\/2024\/03\/Capture-decran-2024-03-15-111943-1024x331.png 1024w, https:\/\/mairie-mauvezinsurgupie.com\/wp-content\/uploads\/2024\/03\/Capture-decran-2024-03-15-111943-300x97.png 300w, https:\/\/mairie-mauvezinsurgupie.com\/wp-content\/uploads\/2024\/03\/Capture-decran-2024-03-15-111943-768x248.png 768w, https:\/\/mairie-mauvezinsurgupie.com\/wp-content\/uploads\/2024\/03\/Capture-decran-2024-03-15-111943-1536x496.png 1536w, https:\/\/mairie-mauvezinsurgupie.com\/wp-content\/uploads\/2024\/03\/Capture-decran-2024-03-15-111943-2048x662.png 2048w, https:\/\/mairie-mauvezinsurgupie.com\/wp-content\/uploads\/2024\/03\/Capture-decran-2024-03-15-111943-850x275.png 850w\" sizes=\"(max-width: 512px) 100vw, 512px\" \/><\/figure>\n\n\n\n<p>Fini <a href=\"http:\/\/www.vg-agglo.com\/\" target=\"_blank\" rel=\"noreferrer noopener\">www.vg-agglo.com<\/a>&#8230;. voici <a href=\"http:\/\/www.valdegaronne.fr\/\" target=\"_blank\" rel=\"noreferrer noopener\">valdegaronne.fr<\/a><\/p>\n\n\n\n<p>Val de Garonne Agglom\u00e9ration a totalement refait son principal site internet afin de le rendre plus lisible et directement utile pour ses habitants. Moins de texte, un rubriquage plus clair, des acc\u00e8s rapides, une plate-forme de services en ligne : l\u2019ensemble permet aux habitants de trouver plus facilement les informations pratiques dont ils ont besoin.<\/p>\n<\/div>\n<\/div>\n\n\n\n<p><strong><u>Un site pour le territoire<\/u><\/strong><\/p>\n\n\n\n<figure class=\"wp-block-image size-large is-resized\"><img decoding=\"async\" loading=\"lazy\" src=\"https:\/\/mairie-mauvezinsurgupie.com\/wp-content\/uploads\/2024\/03\/Capture-decran-2024-03-15-112243-1024x327.png\" alt=\"\" class=\"wp-image-950\" width=\"512\" height=\"164\" srcset=\"https:\/\/mairie-mauvezinsurgupie.com\/wp-content\/uploads\/2024\/03\/Capture-decran-2024-03-15-112243-1024x327.png 1024w, https:\/\/mairie-mauvezinsurgupie.com\/wp-content\/uploads\/2024\/03\/Capture-decran-2024-03-15-112243-300x96.png 300w, https:\/\/mairie-mauvezinsurgupie.com\/wp-content\/uploads\/2024\/03\/Capture-decran-2024-03-15-112243-768x245.png 768w, https:\/\/mairie-mauvezinsurgupie.com\/wp-content\/uploads\/2024\/03\/Capture-decran-2024-03-15-112243-1536x490.png 1536w, https:\/\/mairie-mauvezinsurgupie.com\/wp-content\/uploads\/2024\/03\/Capture-decran-2024-03-15-112243-2048x654.png 2048w, https:\/\/mairie-mauvezinsurgupie.com\/wp-content\/uploads\/2024\/03\/Capture-decran-2024-03-15-112243-850x271.png 850w\" sizes=\"(max-width: 512px) 100vw, 512px\" \/><\/figure>\n\n\n\n<p>Totalement nouveau, voici <a href=\"http:\/\/www.valdegaronne-territoire.fr\/\" target=\"_blank\" rel=\"noreferrer noopener\">valdegaronne-territoire.fr<\/a><\/p>\n\n\n\n<p>Si ce site s\u2019adresse en priorit\u00e9 \u00e0 celles et ceux qui voudraient s\u2019installer en Val de Garonne, il int\u00e9ressera \u00e9galement les habitants du territoire. Pour \u00eatre fier de notre territoire et pouvoir le faire r\u00e9sonner ici en local mais aussi au-del\u00e0 de ses fronti\u00e8res, il faut aussi bien le conna\u00eetre. D\u00e9couvrez les 10 bonnes raisons de choisir le Val de Garonne, ses p\u00e9pites mais aussi des informations pratiques pour travailler, \u00e9tudier, se former ou encore s\u2019installer ici.<\/p>\n","protected":false},"excerpt":{"rendered":"<p>Depuis maintenant vingt ans, les communes ont confi\u00e9 \u00e0 Val de Garonne Agglom\u00e9ration la gestion de nombreuses comp\u00e9tences essentielles au d\u00e9veloppement du territoire. Avec souvent des enjeux qui d\u00e9passent les seules fronti\u00e8res communales. D\u00e9velopper l\u2019\u00e9conomie locale en favorisant les services propos\u00e9s \u00e0 la population, agir pour une utilisation raisonn\u00e9e de notre environnement, rationaliser l\u2019am\u00e9nagement de&#8230;<\/p>\n","protected":false},"author":1,"featured_media":0,"parent":0,"menu_order":0,"comment_status":"closed","ping_status":"closed","template":"","meta":[],"_links":{"self":[{"href":"https:\/\/mairie-mauvezinsurgupie.com\/index.php?rest_route=\/wp\/v2\/pages\/26"}],"collection":[{"href":"https:\/\/mairie-mauvezinsurgupie.com\/index.php?rest_route=\/wp\/v2\/pages"}],"about":[{"href":"https:\/\/mairie-mauvezinsurgupie.com\/index.php?rest_route=\/wp\/v2\/types\/page"}],"author":[{"embeddable":true,"href":"https:\/\/mairie-mauvezinsurgupie.com\/index.php?rest_route=\/wp\/v2\/users\/1"}],"replies":[{"embeddable":true,"href":"https:\/\/mairie-mauvezinsurgupie.com\/index.php?rest_route=%2Fwp%2Fv2%2Fcomments&post=26"}],"version-history":[{"count":4,"href":"https:\/\/mairie-mauvezinsurgupie.com\/index.php?rest_route=\/wp\/v2\/pages\/26\/revisions"}],"predecessor-version":[{"id":951,"href":"https:\/\/mairie-mauvezinsurgupie.com\/index.php?rest_route=\/wp\/v2\/pages\/26\/revisions\/951"}],"wp:attachment":[{"href":"https:\/\/mairie-mauvezinsurgupie.com\/index.php?rest_route=%2Fwp%2Fv2%2Fmedia&parent=26"}],"curies":[{"name":"wp","href":"https:\/\/api.w.org\/{rel}","templated":true}]}}