{"id":2,"date":"2021-09-23T19:29:17","date_gmt":"2021-09-23T17:29:17","guid":{"rendered":"http:\/\/mairie-mauvezinsurgupie.com\/?page_id=2"},"modified":"2024-09-23T11:42:47","modified_gmt":"2024-09-23T09:42:47","slug":"page-d-exemple","status":"publish","type":"page","link":"https:\/\/mairie-mauvezinsurgupie.com\/","title":{"rendered":"Bienvenue"},"content":{"rendered":"\n<p class=\"has-text-align-center\">sur le site de la commune de Mauvezin-sur-Gupie<\/p>\n\n\n\n<hr class=\"wp-block-separator has-css-opacity\"\/>\n\n\n\n<h1>Secr\u00e9tariat de Mairie<\/h1>\n\n\n\n<p>Marie-Laure PUYRAJOUX vous accueille \u00e0 la mairie :<\/p>\n\n\n\n<p>Le lundi de <strong>14h \u00e0 18h<\/strong><\/p>\n\n\n\n<p>Le mardi  <strong>14h \u00e0 18h<\/strong> <\/p>\n\n\n\n<p>Le jeudi  <strong>14h \u00e0 18h <\/strong><\/p>\n\n\n\n<p>Le vendredi  <strong>14h \u00e0 18h<\/strong> <\/p>\n\n\n\n<hr class=\"wp-block-separator has-css-opacity\"\/>\n\n\n\n<div class=\"is-layout-flex wp-container-2 wp-block-columns\">\n<div class=\"is-layout-flow wp-block-column\">\n<p>Vous pouvez joindre la mairie par : <\/p>\n\n\n\n<ul>\n<li>T\u00e9l\u00e9phone : 05 53 94 20 11<\/li>\n\n\n\n<li>Email : communedemauvezin.47@wanadoo.fr<\/li>\n<\/ul>\n<\/div>\n<\/div>\n\n\n\n<hr class=\"wp-block-separator has-css-opacity is-style-default\"\/>\n\n\n\n<h2>Num\u00e9ros d&rsquo;urgence<\/h2>\n\n\n\n<p>SAMU : <strong>15<\/strong><\/p>\n\n\n\n<p>POLICE : <strong>17<\/strong><\/p>\n\n\n\n<p>POMPIERS : <strong>18 <\/strong>(<strong>112 <\/strong>depuis un portable)<\/p>\n\n\n\n<p>Centre anti-poison de Bordeaux : <strong>05 56 96 40 80<\/strong><\/p>\n\n\n\n<hr class=\"wp-block-separator has-css-opacity\"\/>\n\n\n\n<p><\/p>\n","protected":false},"excerpt":{"rendered":"<p>sur le site de la commune de Mauvezin-sur-Gupie Secr\u00e9tariat de Mairie Marie-Laure PUYRAJOUX vous accueille \u00e0 la mairie : Le lundi de 14h \u00e0 18h Le mardi 14h \u00e0 18h Le jeudi 14h \u00e0 18h Le vendredi 14h \u00e0 18h Vous pouvez joindre la mairie par : Num\u00e9ros d&rsquo;urgence SAMU : 15 POLICE : 17&#8230;<\/p>\n","protected":false},"author":1,"featured_media":0,"parent":0,"menu_order":0,"comment_status":"closed","ping_status":"open","template":"templates\/template-cover.php","meta":[],"_links":{"self":[{"href":"https:\/\/mairie-mauvezinsurgupie.com\/index.php?rest_route=\/wp\/v2\/pages\/2"}],"collection":[{"href":"https:\/\/mairie-mauvezinsurgupie.com\/index.php?rest_route=\/wp\/v2\/pages"}],"about":[{"href":"https:\/\/mairie-mauvezinsurgupie.com\/index.php?rest_route=\/wp\/v2\/types\/page"}],"author":[{"embeddable":true,"href":"https:\/\/mairie-mauvezinsurgupie.com\/index.php?rest_route=\/wp\/v2\/users\/1"}],"replies":[{"embeddable":true,"href":"https:\/\/mairie-mauvezinsurgupie.com\/index.php?rest_route=%2Fwp%2Fv2%2Fcomments&post=2"}],"version-history":[{"count":24,"href":"https:\/\/mairie-mauvezinsurgupie.com\/index.php?rest_route=\/wp\/v2\/pages\/2\/revisions"}],"predecessor-version":[{"id":1134,"href":"https:\/\/mairie-mauvezinsurgupie.com\/index.php?rest_route=\/wp\/v2\/pages\/2\/revisions\/1134"}],"wp:attachment":[{"href":"https:\/\/mairie-mauvezinsurgupie.com\/index.php?rest_route=%2Fwp%2Fv2%2Fmedia&parent=2"}],"curies":[{"name":"wp","href":"https:\/\/api.w.org\/{rel}","templated":true}]}}