{"id":186,"date":"2022-03-18T13:51:22","date_gmt":"2022-03-18T12:51:22","guid":{"rendered":"http:\/\/mairie-mauvezinsurgupie.com\/?page_id=186"},"modified":"2022-03-18T13:51:22","modified_gmt":"2022-03-18T12:51:22","slug":"gym","status":"publish","type":"page","link":"https:\/\/mairie-mauvezinsurgupie.com\/?page_id=186","title":{"rendered":"Gym"},"content":{"rendered":"\n<p>Apr\u00e8s une longue interruption en 2020 et 2021 nous avons pu enfin retrouver le chemin de la salle des f\u00eates de Mauvezin pour le bonheur de nos adh\u00e9rents.<\/p>\n\n\n\n<p>Cette trop longue absence n\u2019a pas entach\u00e9 le moral de nos fid\u00e8les adh\u00e9rents qui ont tous r\u00e9pondu pr\u00e9sents d\u00e8s la premi\u00e8re s\u00e9ance.<br>Delphine notre gentille animatrice \u00e9tait trop contente de nous retrouver dans une ambiance bien joyeuse.<br>Les premiers mouvements ont \u00e9t\u00e9 un peu difficiles, signe que cette longue attente \u00e9tait pesante pour tout le monde.<br>Tr\u00e8s vite les bons r\u00e9flexes sont revenus ainsi que le plaisir de se retrouver le mardi et le vendredi.<br>Ces cours sont devenus pour nous tous une d\u00e9pendance indispensable \u00e0 notre \u00e9quilibre de vie et c\u2019est un immense bonheur pour le bureau de voir que malgr\u00e9 les consignes sanitaires indispensables \u00e0 la sant\u00e9 de tous nous affichons encore complet cette saison.<\/p>\n\n\n\n<p>Agn\u00e8s Doucet<\/p>\n\n\n\n<hr class=\"wp-block-separator\"\/>\n\n\n\n<p>Pr\u00e9sidente : DOUCET Agn\u00e8s<br>Tr\u00e9sori\u00e8re : BERT\u00e9 Martine<\/p>\n","protected":false},"excerpt":{"rendered":"<p>Apr\u00e8s une longue interruption en 2020 et 2021 nous avons pu enfin retrouver le chemin de la salle des f\u00eates de Mauvezin pour le bonheur de nos adh\u00e9rents. Cette trop longue absence n\u2019a pas entach\u00e9 le moral de nos fid\u00e8les adh\u00e9rents qui ont tous r\u00e9pondu pr\u00e9sents d\u00e8s la premi\u00e8re s\u00e9ance.Delphine notre gentille animatrice \u00e9tait trop&#8230;<\/p>\n","protected":false},"author":1,"featured_media":0,"parent":0,"menu_order":0,"comment_status":"closed","ping_status":"closed","template":"","meta":[],"_links":{"self":[{"href":"https:\/\/mairie-mauvezinsurgupie.com\/index.php?rest_route=\/wp\/v2\/pages\/186"}],"collection":[{"href":"https:\/\/mairie-mauvezinsurgupie.com\/index.php?rest_route=\/wp\/v2\/pages"}],"about":[{"href":"https:\/\/mairie-mauvezinsurgupie.com\/index.php?rest_route=\/wp\/v2\/types\/page"}],"author":[{"embeddable":true,"href":"https:\/\/mairie-mauvezinsurgupie.com\/index.php?rest_route=\/wp\/v2\/users\/1"}],"replies":[{"embeddable":true,"href":"https:\/\/mairie-mauvezinsurgupie.com\/index.php?rest_route=%2Fwp%2Fv2%2Fcomments&post=186"}],"version-history":[{"count":1,"href":"https:\/\/mairie-mauvezinsurgupie.com\/index.php?rest_route=\/wp\/v2\/pages\/186\/revisions"}],"predecessor-version":[{"id":187,"href":"https:\/\/mairie-mauvezinsurgupie.com\/index.php?rest_route=\/wp\/v2\/pages\/186\/revisions\/187"}],"wp:attachment":[{"href":"https:\/\/mairie-mauvezinsurgupie.com\/index.php?rest_route=%2Fwp%2Fv2%2Fmedia&parent=186"}],"curies":[{"name":"wp","href":"https:\/\/api.w.org\/{rel}","templated":true}]}}