{"id":184,"date":"2022-03-18T13:50:42","date_gmt":"2022-03-18T12:50:42","guid":{"rendered":"http:\/\/mairie-mauvezinsurgupie.com\/?page_id=184"},"modified":"2022-11-14T12:53:04","modified_gmt":"2022-11-14T11:53:04","slug":"societe-communale-de-chasse","status":"publish","type":"page","link":"https:\/\/mairie-mauvezinsurgupie.com\/?page_id=184","title":{"rendered":"Soci\u00e9t\u00e9 communale de chasse"},"content":{"rendered":"\n<p><strong>Fermeture g\u00e9n\u00e9rale de la chasse : 28 F\u00e9vrier 2023.<\/strong><\/p>\n\n\n\n<p>Quelques informations clefs :<\/p>\n\n\n\n<ul><li> A partir du 1\u00b0 Octobre la chasse aux migrateurs (palombes, grives, \u2026 ) est autoris\u00e9e tous les jours.<\/li><li>A partir du 12 Novembre, battues au chevreuil le samedi matin, en rotation sur les trois communes (Castelnau-sur-Gupie, Caubon, Mauvezin-sur-Gupie) soit un samedi sur trois. 26 colliers chevreuils ont \u00e9t\u00e9 d\u00e9livr\u00e9s, cette ann\u00e9e, par la F\u00e9d\u00e9ration D\u00e9partementale de Chasse. 8 de ces chevreuils ont \u00e9t\u00e9 pr\u00e9lev\u00e9s suite \u00e0 des d\u00e9g\u00e2ts sur des arbres fruitiers.<\/li><li>Ouverture de la chasse au sanglier le 15 Ao\u00fbt 2023, sauf d\u00e9rogation de la Pr\u00e9fecture dans le cas de d\u00e9g\u00e2ts sur les cultures. Occasionnellement sur la commune, battues au sangliers, mercredi, dimanche et jours f\u00e9ri\u00e9s en matin\u00e9e.<\/li><li>L\u00e2ch\u00e9 de faisans et de perdreaux qui seront chass\u00e9s les mercredis, dimanches et jours f\u00e9ri\u00e9s<\/li><li>Les battues au renard sont organis\u00e9s, uniquement, sous le contr\u00f4le d\u2019un lieutenant de louv\u00e8terie, lorsque la chasse est ferm\u00e9e.<\/li><li>Le gros gibier est partag\u00e9, en priorit\u00e9, avec les propri\u00e9taires ayant donn\u00e9 le droit de chasse \u00e0 la soci\u00e9t\u00e9. Le reste est r\u00e9parti entre les chasseurs participant aux battues.<\/li><\/ul>\n\n\n\n<p>Un banquet des chasseurs est envisag\u00e9 au printemps 2023, comme il \u00e9tait de coutume.<\/p>\n\n\n\n<p>Respect des cultures et de la distance de 150 m\u00e8tres autour des maisons, de l\u2019importance des enclos, courtoisie vis-\u00e0-vis d\u2019autrui (promeneurs, cyclistes, cavaliers, cueilleurs\u2026), un code de bonne conduite existe pour chasser en toute s\u00e9curit\u00e9. Les chasseurs s\u2019engagent et sont accompagn\u00e9s par les f\u00e9d\u00e9rations dans la mise en \u0153uvre des consignes de s\u00e9curit\u00e9, et favorise la coexistence harmonieuse de l\u2019ensemble des usagers de la nature.<\/p>\n\n\n\n<p><strong>Amis promeneurs, cyclistes, cavaliers, pour des sorties en toute s\u00e9curit\u00e9, n\u2019h\u00e9sitez pas \u00e0 vous rendre visibles (vestes ou couvre-chefs de couleurs vives), et m\u00eame \u00e0 \u00e9quiper votre animal d\u2019une clochette.<\/strong><\/p>\n\n\n\n<p>Pour le cas o\u00f9 des Mauvezinois rencontreraient des probl\u00e8mes avec du gibier (sanglier dans jardin, animal tu\u00e9 en bord de route) ils peuvent appeler&nbsp;: BAZOUIN Jean-Marc au 06 75 09 90 84 ou TERRIER Jean-Paul, garde-chasse au sur les 3 communes au 06 81 08 45 98 &nbsp;(Castelnau-sur-Gupie, Caubon, Mauvezin-sur-Gupie)<\/p>\n\n\n\n<hr class=\"wp-block-separator\"\/>\n\n\n\n<p>Le bureau est constitu\u00e9 de :<br>Pr\u00e9sident : BAZOUIN Jean Marc<br>Vice-pr\u00e9sidents : DUBAUX Michel, ZANOTTO Antoine<br>Tr\u00e9sorier : MICHELOT Jean-Pierre<br>Secr\u00e9taire : ZANOTTO Antoine<br>Vice-secr\u00e9taire : MICHELET Adrien<\/p>\n","protected":false},"excerpt":{"rendered":"<p>Fermeture g\u00e9n\u00e9rale de la chasse : 28 F\u00e9vrier 2023. Quelques informations clefs : A partir du 1\u00b0 Octobre la chasse aux migrateurs (palombes, grives, \u2026 ) est autoris\u00e9e tous les jours. A partir du 12 Novembre, battues au chevreuil le samedi matin, en rotation sur les trois communes (Castelnau-sur-Gupie, Caubon, Mauvezin-sur-Gupie) soit un samedi sur&#8230;<\/p>\n","protected":false},"author":1,"featured_media":0,"parent":0,"menu_order":0,"comment_status":"closed","ping_status":"closed","template":"","meta":[],"_links":{"self":[{"href":"https:\/\/mairie-mauvezinsurgupie.com\/index.php?rest_route=\/wp\/v2\/pages\/184"}],"collection":[{"href":"https:\/\/mairie-mauvezinsurgupie.com\/index.php?rest_route=\/wp\/v2\/pages"}],"about":[{"href":"https:\/\/mairie-mauvezinsurgupie.com\/index.php?rest_route=\/wp\/v2\/types\/page"}],"author":[{"embeddable":true,"href":"https:\/\/mairie-mauvezinsurgupie.com\/index.php?rest_route=\/wp\/v2\/users\/1"}],"replies":[{"embeddable":true,"href":"https:\/\/mairie-mauvezinsurgupie.com\/index.php?rest_route=%2Fwp%2Fv2%2Fcomments&post=184"}],"version-history":[{"count":3,"href":"https:\/\/mairie-mauvezinsurgupie.com\/index.php?rest_route=\/wp\/v2\/pages\/184\/revisions"}],"predecessor-version":[{"id":529,"href":"https:\/\/mairie-mauvezinsurgupie.com\/index.php?rest_route=\/wp\/v2\/pages\/184\/revisions\/529"}],"wp:attachment":[{"href":"https:\/\/mairie-mauvezinsurgupie.com\/index.php?rest_route=%2Fwp%2Fv2%2Fmedia&parent=184"}],"curies":[{"name":"wp","href":"https:\/\/api.w.org\/{rel}","templated":true}]}}