{"id":178,"date":"2022-03-18T13:47:21","date_gmt":"2022-03-18T12:47:21","guid":{"rendered":"http:\/\/mairie-mauvezinsurgupie.com\/?page_id=178"},"modified":"2022-03-18T13:58:37","modified_gmt":"2022-03-18T12:58:37","slug":"lous-esberit","status":"publish","type":"page","link":"https:\/\/mairie-mauvezinsurgupie.com\/?page_id=178","title":{"rendered":"Lous Esb\u00e9rit"},"content":{"rendered":"\n<p>Une nouvelle A.G.E. a eu lieu en novembre dernier o\u00f9 plus de la moiti\u00e9 des adh\u00e9rents \u00e9taient pr\u00e9sents ( 29 adh\u00e9rents sur 55 inscrits ).<br>En pr\u00e9sence de Monsieur le Maire, sous la houlette de Marie-Jos\u00e9e Pierard et de Josette Armand deux d\u00e9cisions ont \u00e9t\u00e9 prises \u00e0 l\u2019unanimit\u00e9.<\/p>\n\n\n\n<ul><li>La premi\u00e8re pour modifier l\u2019article 14 des statuts, r\u00e9pondant ainsi \u00e0 une mise en conformit\u00e9 relev\u00e9e par la sous-pr\u00e9fecture.<\/li><li>La seconde pour \u00e9lire un nouveau bureau succin.<\/li><\/ul>\n\n\n\n<p>En dehors de l\u2019atelier cr\u00e9ation du mercredi apr\u00e8s-midi qui reste maintenu, Danielle Camus proposera un atelier informatique qui s\u2019appellera :<br>\u00ab A D C \u00bb Assistance D\u00e9marches Communications.<br>Il s\u2019agit d\u2019aide \u00e0 l\u2019utilisation de la plupart des outils informatiques (ordinateurs, tablettes, smartphones) pour tous les besoins de la vie courante (administration, sant\u00e9, recherche, d\u00e9couverte, loisirs\u2026)<\/p>\n\n\n\n<blockquote class=\"wp-block-quote has-text-align-center\"><p>Lous Esb\u00e9rits qu\u2019ac<br>soun toust\u00e8mps !<\/p><\/blockquote>\n\n\n\n<hr class=\"wp-block-separator\"\/>\n\n\n\n<p>Secr\u00e9taire : Pierard Marie-Jos\u00e9e<br>Tr\u00e9sori\u00e8re : Fankhauser Christiane<br><br><strong><span class=\"has-inline-color has-luminous-vivid-amber-color\">Le poste de pr\u00e9sident restant vacant faute de candidat (e).<\/span><\/strong><\/p>\n","protected":false},"excerpt":{"rendered":"<p>Une nouvelle A.G.E. a eu lieu en novembre dernier o\u00f9 plus de la moiti\u00e9 des adh\u00e9rents \u00e9taient pr\u00e9sents ( 29 adh\u00e9rents sur 55 inscrits ).En pr\u00e9sence de Monsieur le Maire, sous la houlette de Marie-Jos\u00e9e Pierard et de Josette Armand deux d\u00e9cisions ont \u00e9t\u00e9 prises \u00e0 l\u2019unanimit\u00e9. La premi\u00e8re pour modifier l\u2019article 14 des statuts,&#8230;<\/p>\n","protected":false},"author":1,"featured_media":0,"parent":0,"menu_order":0,"comment_status":"closed","ping_status":"closed","template":"","meta":[],"_links":{"self":[{"href":"https:\/\/mairie-mauvezinsurgupie.com\/index.php?rest_route=\/wp\/v2\/pages\/178"}],"collection":[{"href":"https:\/\/mairie-mauvezinsurgupie.com\/index.php?rest_route=\/wp\/v2\/pages"}],"about":[{"href":"https:\/\/mairie-mauvezinsurgupie.com\/index.php?rest_route=\/wp\/v2\/types\/page"}],"author":[{"embeddable":true,"href":"https:\/\/mairie-mauvezinsurgupie.com\/index.php?rest_route=\/wp\/v2\/users\/1"}],"replies":[{"embeddable":true,"href":"https:\/\/mairie-mauvezinsurgupie.com\/index.php?rest_route=%2Fwp%2Fv2%2Fcomments&post=178"}],"version-history":[{"count":2,"href":"https:\/\/mairie-mauvezinsurgupie.com\/index.php?rest_route=\/wp\/v2\/pages\/178\/revisions"}],"predecessor-version":[{"id":198,"href":"https:\/\/mairie-mauvezinsurgupie.com\/index.php?rest_route=\/wp\/v2\/pages\/178\/revisions\/198"}],"wp:attachment":[{"href":"https:\/\/mairie-mauvezinsurgupie.com\/index.php?rest_route=%2Fwp%2Fv2%2Fmedia&parent=178"}],"curies":[{"name":"wp","href":"https:\/\/api.w.org\/{rel}","templated":true}]}}