{"id":176,"date":"2022-03-18T13:44:54","date_gmt":"2022-03-18T12:44:54","guid":{"rendered":"http:\/\/mairie-mauvezinsurgupie.com\/?page_id=176"},"modified":"2026-04-24T14:03:30","modified_gmt":"2026-04-24T12:03:30","slug":"mauvezin-rando","status":"publish","type":"page","link":"https:\/\/mairie-mauvezinsurgupie.com\/?page_id=176","title":{"rendered":"Mauvezin rando"},"content":{"rendered":"\n<p>L&rsquo;association Mauvezin-Rando a \u00e9t\u00e9 fond\u00e9e en 2002 par Jacky Bazouin, et un petit groupe de marcheurs amoureux de leur environnement et anim\u00e9s par la volont\u00e9 de partager leur passion.<br>L&rsquo;association \u00e9volue \u00e0 partir de ces bases solides et s&rsquo;adapte aux contraintes et obligations d&rsquo;une l\u00e9gislation toujours en changement.<br>Nous avons mis en place une structure d&rsquo;accueil et d&rsquo;animation avec des personnes form\u00e9es et qualifi\u00e9es (5 personnes) pour mener, animer et encadrer les randonn\u00e9es propos\u00e9es et assurer la s\u00e9curit\u00e9 maximale.<br>L&rsquo;association, r\u00e9gie par la loi 1901, est affili\u00e9e \u00e0 la F\u00e9d\u00e9ration Fran\u00e7aise de Randonn\u00e9e P\u00e9destre (FFRandonn\u00e9e) et au niveau d\u00e9partemental, au Comit\u00e9 D\u00e9partemental de la Randonn\u00e9e P\u00e9destre (CDRP47)<\/p>\n\n\n\n<hr class=\"wp-block-separator has-css-opacity\"\/>\n\n\n\n<p>Notre association organise des randonn\u00e9es p\u00e9destres chaque semaine pour permettre \u00e0 ses adh\u00e9rents de se retrouver pour une activit\u00e9 physique, bien s\u00fbr, mais aussi pour partager les joies et les peines, pour \u00e9changer des id\u00e9es sur tous les sujets et retrouver cette convivialit\u00e9 dans les rapports humains qui nous manquent parfois dans la vie de tous les jours.<\/p>\n\n\n\n<ul>\n<li><strong>Les Rendez-vous r\u00e9guliers<\/strong><\/li>\n<\/ul>\n\n\n\n<p>De septembre \u00e0 mai<br>Tous les samedis, randonn\u00e9es de 8 \u00e0 12km :<br>Le d\u00e9part des randonn\u00e9es est toujours \u00e0 14h que l\u2019on d\u00e9marre soit de Mauvezin (place de la mairie) soit pour le circuit balis\u00e9 d\u2019une commune voisine.. Se reporter au calendrier des randonn\u00e9es pour les d\u00e9tails et horaires de rendez-vous pour co-voiturage.<\/p>\n\n\n\n<p>De juin \u00e0 ao\u00fbt : Le samedi avec d\u00e9part \u00e0 8h30<\/p>\n\n\n\n<p>4 s\u00e9jours par an sur 2 \u00e0 4 jours :<br>1 s\u00e9jour en montagne enneig\u00e9e : raquettes \u00e0 neige<br>1 s\u00e9jour au printemps<br>1 s\u00e9jour en automne<br>1 s\u00e9jour mi-octobre \u00e0 l&rsquo;occasion d&rsquo;une manifestation organis\u00e9e en P\u00e9rigord noir : \u00ab\u00a0La Ronde des Villages\u00a0\u00bb.<\/p>\n\n\n\n<ul>\n<li><strong>Les Rendez-vous occasionnels<\/strong><\/li>\n<\/ul>\n\n\n\n<p>Les randonn\u00e9es sportives \u00e0 allure libre<br>Les randonn\u00e9es \u00ab\u00a0challenge D\u00e9couverte\u00a0\u00bb<br>Les randonn\u00e9es \u00e0 caract\u00e8re caritatif<br>Les randonn\u00e9es gourmandes et festives<br>D&rsquo;une mani\u00e8re g\u00e9n\u00e9rale, tous les types de randonn\u00e9es qui int\u00e9ressent les adh\u00e9rents de notre association.<\/p>\n\n\n\n<figure class=\"is-layout-flex wp-block-gallery-1 wp-block-gallery has-nested-images columns-default is-cropped\">\n<figure class=\"wp-block-image size-large\"><img decoding=\"async\" loading=\"lazy\" width=\"1024\" height=\"680\" data-id=\"531\"  src=\"https:\/\/mairie-mauvezinsurgupie.com\/wp-content\/uploads\/2022\/11\/c-le-groupe-1024x680.jpg\" alt=\"\" class=\"wp-image-531\" srcset=\"https:\/\/mairie-mauvezinsurgupie.com\/wp-content\/uploads\/2022\/11\/c-le-groupe-1024x680.jpg 1024w, https:\/\/mairie-mauvezinsurgupie.com\/wp-content\/uploads\/2022\/11\/c-le-groupe-300x199.jpg 300w, https:\/\/mairie-mauvezinsurgupie.com\/wp-content\/uploads\/2022\/11\/c-le-groupe-768x510.jpg 768w, https:\/\/mairie-mauvezinsurgupie.com\/wp-content\/uploads\/2022\/11\/c-le-groupe-850x565.jpg 850w, https:\/\/mairie-mauvezinsurgupie.com\/wp-content\/uploads\/2022\/11\/c-le-groupe.jpg 1102w\" sizes=\"(max-width: 1024px) 100vw, 1024px\" \/><figcaption class=\"wp-element-caption\">Le groupe<\/figcaption><\/figure>\n\n\n\n<figure class=\"wp-block-image size-large\"><img decoding=\"async\" loading=\"lazy\" width=\"1024\" height=\"768\" data-id=\"532\"  src=\"https:\/\/mairie-mauvezinsurgupie.com\/wp-content\/uploads\/2022\/11\/b-en-sous-bois-1024x768.jpg\" alt=\"\" class=\"wp-image-532\" srcset=\"https:\/\/mairie-mauvezinsurgupie.com\/wp-content\/uploads\/2022\/11\/b-en-sous-bois-1024x768.jpg 1024w, https:\/\/mairie-mauvezinsurgupie.com\/wp-content\/uploads\/2022\/11\/b-en-sous-bois-300x225.jpg 300w, https:\/\/mairie-mauvezinsurgupie.com\/wp-content\/uploads\/2022\/11\/b-en-sous-bois-768x576.jpg 768w, https:\/\/mairie-mauvezinsurgupie.com\/wp-content\/uploads\/2022\/11\/b-en-sous-bois-850x638.jpg 850w, https:\/\/mairie-mauvezinsurgupie.com\/wp-content\/uploads\/2022\/11\/b-en-sous-bois.jpg 1102w\" sizes=\"(max-width: 1024px) 100vw, 1024px\" \/><figcaption class=\"wp-element-caption\">En sous-bois<\/figcaption><\/figure>\n\n\n\n<figure class=\"wp-block-image size-large\"><img decoding=\"async\" loading=\"lazy\" width=\"1024\" height=\"768\" data-id=\"533\"  src=\"https:\/\/mairie-mauvezinsurgupie.com\/wp-content\/uploads\/2022\/11\/a-village-1024x768.jpg\" alt=\"\" class=\"wp-image-533\" srcset=\"https:\/\/mairie-mauvezinsurgupie.com\/wp-content\/uploads\/2022\/11\/a-village-1024x768.jpg 1024w, https:\/\/mairie-mauvezinsurgupie.com\/wp-content\/uploads\/2022\/11\/a-village-300x225.jpg 300w, https:\/\/mairie-mauvezinsurgupie.com\/wp-content\/uploads\/2022\/11\/a-village-768x576.jpg 768w, https:\/\/mairie-mauvezinsurgupie.com\/wp-content\/uploads\/2022\/11\/a-village-850x638.jpg 850w, https:\/\/mairie-mauvezinsurgupie.com\/wp-content\/uploads\/2022\/11\/a-village.jpg 1102w\" sizes=\"(max-width: 1024px) 100vw, 1024px\" \/><figcaption class=\"wp-element-caption\">Le village<\/figcaption><\/figure>\n<\/figure>\n\n\n\n<hr class=\"wp-block-separator has-text-color has-black-color has-css-opacity has-black-background-color has-background\"\/>\n\n\n\n<figure class=\"wp-block-image size-large\"><img decoding=\"async\" loading=\"lazy\" width=\"986\" height=\"1024\" src=\"https:\/\/mairie-mauvezinsurgupie.com\/wp-content\/uploads\/2026\/03\/josette-brigitte-copie-986x1024.jpg\" alt=\"\" class=\"wp-image-1564\" srcset=\"https:\/\/mairie-mauvezinsurgupie.com\/wp-content\/uploads\/2026\/03\/josette-brigitte-copie-986x1024.jpg 986w, https:\/\/mairie-mauvezinsurgupie.com\/wp-content\/uploads\/2026\/03\/josette-brigitte-copie-289x300.jpg 289w, https:\/\/mairie-mauvezinsurgupie.com\/wp-content\/uploads\/2026\/03\/josette-brigitte-copie-768x797.jpg 768w, https:\/\/mairie-mauvezinsurgupie.com\/wp-content\/uploads\/2026\/03\/josette-brigitte-copie-1479x1536.jpg 1479w, https:\/\/mairie-mauvezinsurgupie.com\/wp-content\/uploads\/2026\/03\/josette-brigitte-copie-1972x2048.jpg 1972w, https:\/\/mairie-mauvezinsurgupie.com\/wp-content\/uploads\/2026\/03\/josette-brigitte-copie-300x312.jpg 300w, https:\/\/mairie-mauvezinsurgupie.com\/wp-content\/uploads\/2026\/03\/josette-brigitte-copie-850x883.jpg 850w\" sizes=\"(max-width: 986px) 100vw, 986px\" \/><figcaption class=\"wp-element-caption\">Passage de \u00ab\u00a0b\u00e2ton\u00a0\u00bb de Josette \u00e0 Brigitte<\/figcaption><\/figure>\n\n\n\n<p><strong>Pr\u00e9sidente&nbsp;:<\/strong> DERTEIL Brigitte<\/p>\n\n\n\n<p><strong>Vice-pr\u00e9sident<\/strong>&nbsp;: CONSANI Daniel<\/p>\n\n\n\n<p><strong>Tr\u00e9sori\u00e8re<\/strong>&nbsp;: BORDIN Martine<\/p>\n\n\n\n<p><strong>Tr\u00e9sori\u00e8re adjointe<\/strong>&nbsp;: FRECHIAMI Josette<\/p>\n\n\n\n<p><strong>Secr\u00e9taire<\/strong>&nbsp;: ROVER Sylvette<\/p>\n\n\n\n<p><strong>Administrateurs&nbsp;:<\/strong> ARMAND Josette &#8211; BERNIARD Sylviane &#8211; BORDIN Jean &#8211; DERTEIL Jean Claude &#8211; DUCOS Dominique &#8211; GOUZE Gilles. <\/p>\n\n\n\n<figure class=\"wp-block-image size-large\"><img decoding=\"async\" loading=\"lazy\" width=\"1024\" height=\"402\" src=\"https:\/\/mairie-mauvezinsurgupie.com\/wp-content\/uploads\/2022\/10\/mauvezin-rando-1024x402.jpg\" alt=\"\" class=\"wp-image-494\" srcset=\"https:\/\/mairie-mauvezinsurgupie.com\/wp-content\/uploads\/2022\/10\/mauvezin-rando-1024x402.jpg 1024w, https:\/\/mairie-mauvezinsurgupie.com\/wp-content\/uploads\/2022\/10\/mauvezin-rando-300x118.jpg 300w, https:\/\/mairie-mauvezinsurgupie.com\/wp-content\/uploads\/2022\/10\/mauvezin-rando-768x301.jpg 768w, https:\/\/mairie-mauvezinsurgupie.com\/wp-content\/uploads\/2022\/10\/mauvezin-rando-1536x603.jpg 1536w, https:\/\/mairie-mauvezinsurgupie.com\/wp-content\/uploads\/2022\/10\/mauvezin-rando-2048x804.jpg 2048w, https:\/\/mairie-mauvezinsurgupie.com\/wp-content\/uploads\/2022\/10\/mauvezin-rando-850x334.jpg 850w\" sizes=\"(max-width: 1024px) 100vw, 1024px\" \/><\/figure>\n\n\n\n<div class=\"is-layout-flex wp-container-6 wp-block-columns\">\n<div class=\"is-layout-flow wp-block-column\">\n<p class=\"has-text-align-center\">Jacky BAZOUIN <\/p>\n\n\n\n<p class=\"has-text-align-center\">Pr\u00e9sident Fondateur de 2002 \u00e0 2013<\/p>\n<\/div>\n\n\n\n<div class=\"is-layout-flow wp-block-column\">\n<p class=\"has-text-align-center\">Michel CAMUS <\/p>\n\n\n\n<p class=\"has-text-align-center\">Pr\u00e9sident de 2014 \u00e0 2022<\/p>\n<\/div>\n\n\n\n<div class=\"is-layout-flow wp-block-column\">\n<p class=\"has-text-align-center\">Josette ARMAND <\/p>\n\n\n\n<p class=\"has-text-align-center\">Pr\u00e9sidente de Juillet 2022 \u00e0 F\u00e9vrier 2026<\/p>\n<\/div>\n<\/div>\n\n\n\n<div class=\"wp-block-file\"><object class=\"wp-block-file__embed\" data=\"https:\/\/mairie-mauvezinsurgupie.com\/wp-content\/uploads\/2026\/03\/REGLEMENT-INTERIEUR.pdf\" type=\"application\/pdf\" style=\"width:100%;height:600px\" aria-label=\"Embed of REGLEMENT-INTERIEUR.\"><\/object><a id=\"wp-block-file--media-eb710a0e-d9e3-4f80-b478-048c48587f26\" href=\"https:\/\/mairie-mauvezinsurgupie.com\/wp-content\/uploads\/2026\/03\/REGLEMENT-INTERIEUR.pdf\">REGLEMENT-INTERIEUR<\/a><a href=\"https:\/\/mairie-mauvezinsurgupie.com\/wp-content\/uploads\/2026\/03\/REGLEMENT-INTERIEUR.pdf\" class=\"wp-block-file__button wp-element-button\" download aria-describedby=\"wp-block-file--media-eb710a0e-d9e3-4f80-b478-048c48587f26\">Download<\/a><\/div>\n\n\n\n<div class=\"wp-block-file\"><object class=\"wp-block-file__embed\" data=\"https:\/\/mairie-mauvezinsurgupie.com\/wp-content\/uploads\/2026\/03\/LES-10-REGLES-OR-EN-SPORT.pdf\" type=\"application\/pdf\" style=\"width:100%;height:600px\" aria-label=\"Embed of LES-10-REGLES-OR-EN-SPORT.\"><\/object><a id=\"wp-block-file--media-0f09c870-f44f-4398-a1f3-c2c76c3c2439\" href=\"https:\/\/mairie-mauvezinsurgupie.com\/wp-content\/uploads\/2026\/03\/LES-10-REGLES-OR-EN-SPORT.pdf\">LES-10-REGLES-OR-EN-SPORT<\/a><a href=\"https:\/\/mairie-mauvezinsurgupie.com\/wp-content\/uploads\/2026\/03\/LES-10-REGLES-OR-EN-SPORT.pdf\" class=\"wp-block-file__button wp-element-button\" download aria-describedby=\"wp-block-file--media-0f09c870-f44f-4398-a1f3-c2c76c3c2439\">Download<\/a><\/div>\n\n\n\n<div class=\"wp-block-file\"><object class=\"wp-block-file__embed\" data=\"https:\/\/mairie-mauvezinsurgupie.com\/wp-content\/uploads\/2026\/04\/RANDO-AVRIL-JUIN-2026.pdf\" type=\"application\/pdf\" style=\"width:100%;height:600px\" aria-label=\"Embed of RANDO-AVRIL-JUIN-2026.\"><\/object><a id=\"wp-block-file--media-86ac7eec-20f5-411e-a7a7-2fdf5209835c\" href=\"https:\/\/mairie-mauvezinsurgupie.com\/wp-content\/uploads\/2026\/04\/RANDO-AVRIL-JUIN-2026.pdf\">RANDO-AVRIL-JUIN-2026<\/a><a href=\"https:\/\/mairie-mauvezinsurgupie.com\/wp-content\/uploads\/2026\/04\/RANDO-AVRIL-JUIN-2026.pdf\" class=\"wp-block-file__button wp-element-button\" download aria-describedby=\"wp-block-file--media-86ac7eec-20f5-411e-a7a7-2fdf5209835c\">Download<\/a><\/div>\n\n\n\n<div class=\"wp-block-file\"><object class=\"wp-block-file__embed\" data=\"https:\/\/mairie-mauvezinsurgupie.com\/wp-content\/uploads\/2026\/03\/INDICE-IPB.pdf\" type=\"application\/pdf\" style=\"width:100%;height:600px\" aria-label=\"Embed of INDICE-IPB.\"><\/object><a id=\"wp-block-file--media-e178223b-9369-4571-9bac-6511e6f76199\" href=\"https:\/\/mairie-mauvezinsurgupie.com\/wp-content\/uploads\/2026\/03\/INDICE-IPB.pdf\">INDICE-IPB<\/a><a href=\"https:\/\/mairie-mauvezinsurgupie.com\/wp-content\/uploads\/2026\/03\/INDICE-IPB.pdf\" class=\"wp-block-file__button wp-element-button\" download aria-describedby=\"wp-block-file--media-e178223b-9369-4571-9bac-6511e6f76199\">Download<\/a><\/div>\n","protected":false},"excerpt":{"rendered":"<p>L&rsquo;association Mauvezin-Rando a \u00e9t\u00e9 fond\u00e9e en 2002 par Jacky Bazouin, et un petit groupe de marcheurs amoureux de leur environnement et anim\u00e9s par la volont\u00e9 de partager leur passion.L&rsquo;association \u00e9volue \u00e0 partir de ces bases solides et s&rsquo;adapte aux contraintes et obligations d&rsquo;une l\u00e9gislation toujours en changement.Nous avons mis en place une structure d&rsquo;accueil et&#8230;<\/p>\n","protected":false},"author":1,"featured_media":0,"parent":0,"menu_order":0,"comment_status":"closed","ping_status":"closed","template":"","meta":[],"_links":{"self":[{"href":"https:\/\/mairie-mauvezinsurgupie.com\/index.php?rest_route=\/wp\/v2\/pages\/176"}],"collection":[{"href":"https:\/\/mairie-mauvezinsurgupie.com\/index.php?rest_route=\/wp\/v2\/pages"}],"about":[{"href":"https:\/\/mairie-mauvezinsurgupie.com\/index.php?rest_route=\/wp\/v2\/types\/page"}],"author":[{"embeddable":true,"href":"https:\/\/mairie-mauvezinsurgupie.com\/index.php?rest_route=\/wp\/v2\/users\/1"}],"replies":[{"embeddable":true,"href":"https:\/\/mairie-mauvezinsurgupie.com\/index.php?rest_route=%2Fwp%2Fv2%2Fcomments&post=176"}],"version-history":[{"count":19,"href":"https:\/\/mairie-mauvezinsurgupie.com\/index.php?rest_route=\/wp\/v2\/pages\/176\/revisions"}],"predecessor-version":[{"id":1634,"href":"https:\/\/mairie-mauvezinsurgupie.com\/index.php?rest_route=\/wp\/v2\/pages\/176\/revisions\/1634"}],"wp:attachment":[{"href":"https:\/\/mairie-mauvezinsurgupie.com\/index.php?rest_route=%2Fwp%2Fv2%2Fmedia&parent=176"}],"curies":[{"name":"wp","href":"https:\/\/api.w.org\/{rel}","templated":true}]}}