{"id":1299,"date":"2025-05-05T12:40:12","date_gmt":"2025-05-05T10:40:12","guid":{"rendered":"https:\/\/mairie-mauvezinsurgupie.com\/?page_id=1299"},"modified":"2025-05-05T12:40:12","modified_gmt":"2025-05-05T10:40:12","slug":"politique-de-confidentialite-2","status":"publish","type":"page","link":"https:\/\/mairie-mauvezinsurgupie.com\/?page_id=1299","title":{"rendered":"Politique de confidentialit\u00e9"},"content":{"rendered":"\n<p>Le site de la mairie de Mauvezin-sur-Gupie (<a href=\"https:\/\/mairie-mauvezinsurgupie.com\/\">https:\/\/mairie-mauvezinsurgupie.com\/<\/a>) est un site informatif destin\u00e9 \u00e0 fournir des informations aux administr\u00e9s.<\/p>\n\n\n\n<p><strong>Cookies :<\/strong><\/p>\n\n\n\n<p>Ce site n&rsquo;utilise aucun cookie ou traceur n\u00e9cessitant le consentement pr\u00e9alable des utilisateurs. Seuls des cookies techniques, indispensables au bon fonctionnement du site, peuvent \u00eatre utilis\u00e9s.<\/p>\n\n\n\n<p><strong>Donn\u00e9es personnelles :<\/strong><\/p>\n\n\n\n<p>Aucune donn\u00e9e personnelle n&rsquo;est collect\u00e9e automatiquement sur ce site. Si vous contactez la mairie par t\u00e9l\u00e9phone ou par email, les informations que vous fournissez seront utilis\u00e9es uniquement pour r\u00e9pondre \u00e0 votre demande et ne seront pas conserv\u00e9es au-del\u00e0 de la dur\u00e9e n\u00e9cessaire au traitement de celle-ci.<\/p>\n\n\n\n<p><strong>Responsable du traitement :<\/strong><\/p>\n\n\n\n<p>Mairie de Mauvezin-sur-Gupie<br>420 rue du Bourg<br>47200 Mauvezin-sur-Gupie<br>T\u00e9l\u00e9phone : 05 53 94 20 11<br>Email : <a href=\"mailto:communedemauvezin.47@wanadoo.fr\">communedemauvezin.47@wanadoo.fr<\/a><\/p>\n\n\n\n<p><strong>Droits des utilisateurs :<\/strong><\/p>\n\n\n\n<p>Conform\u00e9ment au R\u00e8glement G\u00e9n\u00e9ral sur la Protection des Donn\u00e9es (RGPD), vous disposez d&rsquo;un droit d&rsquo;acc\u00e8s, de rectification, d&rsquo;effacement et d&rsquo;opposition concernant vos donn\u00e9es personnelles. Pour exercer ces droits, veuillez contacter la mairie aux coordonn\u00e9es ci-dessus.<\/p>\n","protected":false},"excerpt":{"rendered":"<p>Le site de la mairie de Mauvezin-sur-Gupie (https:\/\/mairie-mauvezinsurgupie.com\/) est un site informatif destin\u00e9 \u00e0 fournir des informations aux administr\u00e9s. Cookies : Ce site n&rsquo;utilise aucun cookie ou traceur n\u00e9cessitant le consentement pr\u00e9alable des utilisateurs. Seuls des cookies techniques, indispensables au bon fonctionnement du site, peuvent \u00eatre utilis\u00e9s. Donn\u00e9es personnelles : Aucune donn\u00e9e personnelle n&rsquo;est collect\u00e9e&#8230;<\/p>\n","protected":false},"author":1,"featured_media":0,"parent":0,"menu_order":0,"comment_status":"closed","ping_status":"closed","template":"","meta":[],"_links":{"self":[{"href":"https:\/\/mairie-mauvezinsurgupie.com\/index.php?rest_route=\/wp\/v2\/pages\/1299"}],"collection":[{"href":"https:\/\/mairie-mauvezinsurgupie.com\/index.php?rest_route=\/wp\/v2\/pages"}],"about":[{"href":"https:\/\/mairie-mauvezinsurgupie.com\/index.php?rest_route=\/wp\/v2\/types\/page"}],"author":[{"embeddable":true,"href":"https:\/\/mairie-mauvezinsurgupie.com\/index.php?rest_route=\/wp\/v2\/users\/1"}],"replies":[{"embeddable":true,"href":"https:\/\/mairie-mauvezinsurgupie.com\/index.php?rest_route=%2Fwp%2Fv2%2Fcomments&post=1299"}],"version-history":[{"count":1,"href":"https:\/\/mairie-mauvezinsurgupie.com\/index.php?rest_route=\/wp\/v2\/pages\/1299\/revisions"}],"predecessor-version":[{"id":1300,"href":"https:\/\/mairie-mauvezinsurgupie.com\/index.php?rest_route=\/wp\/v2\/pages\/1299\/revisions\/1300"}],"wp:attachment":[{"href":"https:\/\/mairie-mauvezinsurgupie.com\/index.php?rest_route=%2Fwp%2Fv2%2Fmedia&parent=1299"}],"curies":[{"name":"wp","href":"https:\/\/api.w.org\/{rel}","templated":true}]}}