{"id":114,"date":"2021-09-28T12:32:20","date_gmt":"2021-09-28T10:32:20","guid":{"rendered":"http:\/\/mairie-mauvezinsurgupie.com\/?page_id=114"},"modified":"2025-01-29T10:04:20","modified_gmt":"2025-01-29T09:04:20","slug":"vie-economique","status":"publish","type":"page","link":"https:\/\/mairie-mauvezinsurgupie.com\/?page_id=114","title":{"rendered":"Vie Municipale &#8211; Vie \u00e9conomique"},"content":{"rendered":"\n<p>Cette rubrique est d\u00e9di\u00e9e aux acteurs \u00e9conomiques de notre commune. N&rsquo;h\u00e9sitez pas \u00e0 nous communiquer vos coordonn\u00e9es compl\u00e8tes ainsi qu&rsquo;une br\u00e8ve description de votre activit\u00e9 afin que vous puissiez figurer dans cette rubrique.<\/p>\n\n\n\n<p><\/p>\n\n\n\n<h3><strong>Artisans :<\/strong><\/h3>\n\n\n\n<p><\/p>\n\n\n\n<p><strong>TWS Autos<\/strong><\/p>\n\n\n\n<p>D\u00e9pannage, r\u00e9paration, entretien, auto, tracteur motoculture \u00e0 domicile<\/p>\n\n\n\n<p>Coordonn\u00e9es : Lieu-dit Tapy, 47200 Mauvezin sur Gupie<\/p>\n\n\n\n<p>T\u00e9l : 06 47 16 46 96<\/p>\n\n\n\n<hr class=\"wp-block-separator has-text-color has-cyan-bluish-gray-color has-alpha-channel-opacity has-cyan-bluish-gray-background-color has-background is-style-default\"\/>\n\n\n\n<h3><strong>Espaces verts \/ Travaux d&rsquo;entretien :<\/strong><\/h3>\n\n\n\n<p><\/p>\n\n\n\n<p><strong>C\u00e9dric MOMBRUN<\/strong><\/p>\n\n\n\n<p>Jardinier Paysagiste<\/p>\n\n\n\n<p>Coordonn\u00e9es :  route du Terrier, 47200 Mauvezin-sur-Gupie<\/p>\n\n\n\n<p>T\u00e9l : 06 28 79 17 44<\/p>\n\n\n\n<p>Email : <a href=\"mailto:cedric.mombrun@hotmail.com\">cedric.mombrun@hotmail.com<\/a><\/p>\n\n\n\n<hr class=\"wp-block-separator has-text-color has-cyan-bluish-gray-color has-alpha-channel-opacity has-cyan-bluish-gray-background-color has-background is-style-wide\"\/>\n\n\n\n<p><strong>GUEZET PAYSAGES<\/strong><\/p>\n\n\n\n<p>Coordonn\u00e9es: route de Castelnau-sur-Gupie, 47200 Mauvezin-sur-Gupie<\/p>\n\n\n\n<p>T\u00e9l: 06.37.94.16.44<\/p>\n\n\n\n<hr class=\"wp-block-separator has-text-color has-cyan-bluish-gray-color has-alpha-channel-opacity has-cyan-bluish-gray-background-color has-background is-style-wide\"\/>\n\n\n\n<p><strong>Habitat service Lorenzon<\/strong><\/p>\n\n\n\n<p>Espaces verts, peintures, parquets, plomberies, sanitaire &#8230;<\/p>\n\n\n\n<p>Coordonn\u00e9es :  route des Escarreys, 47200 Mauvezin-sur-Gupie<\/p>\n\n\n\n<p>T\u00e9l : 05 53 94 27 53 ou 06 87 53 45 85<\/p>\n\n\n\n<hr class=\"wp-block-separator has-text-color has-cyan-bluish-gray-color has-alpha-channel-opacity has-cyan-bluish-gray-background-color has-background is-style-wide\"\/>\n\n\n<div class=\"wp-block-image\">\n<figure class=\"alignright size-large is-resized\"><img decoding=\"async\" loading=\"lazy\" src=\"https:\/\/mairie-mauvezinsurgupie.com\/wp-content\/uploads\/2023\/06\/MORET-1024x857.jpg\" alt=\"\" class=\"wp-image-718\" width=\"256\" height=\"214\" srcset=\"https:\/\/mairie-mauvezinsurgupie.com\/wp-content\/uploads\/2023\/06\/MORET-1024x857.jpg 1024w, https:\/\/mairie-mauvezinsurgupie.com\/wp-content\/uploads\/2023\/06\/MORET-300x251.jpg 300w, https:\/\/mairie-mauvezinsurgupie.com\/wp-content\/uploads\/2023\/06\/MORET-768x643.jpg 768w, https:\/\/mairie-mauvezinsurgupie.com\/wp-content\/uploads\/2023\/06\/MORET-1536x1285.jpg 1536w, https:\/\/mairie-mauvezinsurgupie.com\/wp-content\/uploads\/2023\/06\/MORET-2048x1714.jpg 2048w, https:\/\/mairie-mauvezinsurgupie.com\/wp-content\/uploads\/2023\/06\/MORET-850x711.jpg 850w\" sizes=\"(max-width: 256px) 100vw, 256px\" \/><\/figure><\/div>\n\n\n<p><strong>Moret Paysages<\/strong><\/p>\n\n\n\n<p>Espaces verts<\/p>\n\n\n\n<p>Coordonn\u00e9es : route de Jean Point, 47200 Mauvezin-sur-Gupie<\/p>\n\n\n\n<p>T\u00e9l : 06 76 84 41 08<\/p>\n\n\n\n<p><\/p>\n\n\n\n<hr class=\"wp-block-separator has-text-color has-cyan-bluish-gray-color has-alpha-channel-opacity has-cyan-bluish-gray-background-color has-background is-style-wide\"\/>\n\n\n\n<p><strong>Luc Fleury Multiservices<\/strong><\/p>\n\n\n\n<p>Tous travaux de bricolage int\u00e9rieur\/ext\u00e9rieur (montage\/pose de meubles, jardin, pelouse, haie nettoyage de terrasses&#8230;)<\/p>\n\n\n\n<p>Coordonn\u00e9es : Lieu-dit Bartete, 47200 Mauvezin-sur-Gupie<\/p>\n\n\n\n<p>T\u00e9l : 05 53 89 06 99 &#8211; 06 84 62 13 44<\/p>\n\n\n\n<p>Email : <a href=\"mailto:luc.fleury@wanadoo.fr\">luc.fleury@wanadoo.fr<\/a><\/p>\n\n\n\n<hr class=\"wp-block-separator has-text-color has-cyan-bluish-gray-color has-alpha-channel-opacity has-cyan-bluish-gray-background-color has-background is-style-wide\"\/>\n\n\n\n<p><strong>Christian SECOND<\/strong><\/p>\n\n\n\n<p>Bricolage, entretien de parcs et jardins, prestations de services<\/p>\n\n\n\n<p>Coordonn\u00e9es : route de Castelnau, 47200 Mauvezin-sur-Gupie<\/p>\n\n\n\n<p>T\u00e9l : 05 53 93 64 99 &#8211; 06 84 86 29 78<\/p>\n\n\n\n<p>Email : <a href=\"mailto:christian.second@orange.fr\">christian.second@orange.fr<\/a><\/p>\n\n\n\n<hr class=\"wp-block-separator has-text-color has-cyan-bluish-gray-color has-alpha-channel-opacity has-cyan-bluish-gray-background-color has-background is-style-wide\"\/>\n\n\n\n<p><strong>Plomberie\/Electricit\u00e9:<\/strong><\/p>\n\n\n\n<p><strong>SAS Ets<\/strong> <strong>SARLAT<\/strong><\/p>\n\n\n\n<p>Coordonn\u00e9es : route de Plaisance, 47200 Mauvezin-sur-Gupie<\/p>\n\n\n\n<p>T\u00e9l: 05.53.20.91.33 &#8211; 06.81.72.59.89<\/p>\n\n\n\n<p class=\"has-black-color has-text-color\">Email: eric.sarlat@orange.fr<\/p>\n\n\n\n<hr class=\"wp-block-separator has-text-color has-cyan-bluish-gray-color has-alpha-channel-opacity has-cyan-bluish-gray-background-color has-background is-style-wide\"\/>\n\n\n<div class=\"wp-block-image is-style-default\">\n<figure class=\"alignright size-full\"><img decoding=\"async\" loading=\"lazy\" width=\"327\" height=\"201\" src=\"https:\/\/mairie-mauvezinsurgupie.com\/wp-content\/uploads\/2025\/01\/image003-3.png\" alt=\"\" class=\"wp-image-1215\" srcset=\"https:\/\/mairie-mauvezinsurgupie.com\/wp-content\/uploads\/2025\/01\/image003-3.png 327w, https:\/\/mairie-mauvezinsurgupie.com\/wp-content\/uploads\/2025\/01\/image003-3-300x184.png 300w\" sizes=\"(max-width: 327px) 100vw, 327px\" \/><\/figure><\/div>\n\n\n<p><strong>Ets DALL&rsquo;ANTONIA Tanguy<\/strong><\/p>\n\n\n\n<p>Coordonn\u00e9es : route de Layarde, 47200 Mauvezin-sur-Gupie<\/p>\n\n\n\n<p>T\u00e9l: 07.50.36.11.66 <\/p>\n\n\n\n<p>Email: tanguy.dallantonia@gmail.com <\/p>\n\n\n\n<hr class=\"wp-block-separator has-text-color has-cyan-bluish-gray-color has-alpha-channel-opacity has-cyan-bluish-gray-background-color has-background is-style-default\"\/>\n\n\n\n<h3><strong>Cr\u00e9ations :<\/strong><\/h3>\n\n\n\n<div class=\"wp-block-media-text alignwide has-media-on-the-right is-stacked-on-mobile\"><div class=\"wp-block-media-text__content\">\n<p><strong>DECORATION SUR BOUTEILLES ET ASSIETTES<\/strong><\/p>\n\n\n\n<p><strong>\u200b<\/strong>Je vous propose une id\u00e9e de cadeau originale et personnalis\u00e9e; la r\u00e9alisation de peinture sur bouteille ou support verre. Tous les th\u00e8mes sont possibles;&nbsp; chasse, p\u00eache, sport, mariage, naissance, anniversaire, club sportif &#8230;.<\/p>\n\n\n\n<p>Je peins sur diff\u00e9rents formats de bouteilles. <\/p>\n\n\n\n<p>Le d\u00e9lai de r\u00e9alisation est de 8 jours d\u00e8s que le support est en ma possession.<\/p>\n\n\n\n<p>Pas le temps d&rsquo;attendre, pas de soucis, quelques unes de mes r\u00e9alisations sont pr\u00e9sentes \u00e0 la cave du Marmandais,et chez&nbsp; William Perletti Saveurs des Vins avec qui vous pouvez \u00e9galement passer commande.<\/p>\n<\/div><figure class=\"wp-block-media-text__media\"><img decoding=\"async\" loading=\"lazy\" width=\"904\" height=\"632\" src=\"https:\/\/mairie-mauvezinsurgupie.com\/wp-content\/uploads\/2021\/09\/carte-pub-2020-002.webp\" alt=\"\" class=\"wp-image-115 size-full\" srcset=\"https:\/\/mairie-mauvezinsurgupie.com\/wp-content\/uploads\/2021\/09\/carte-pub-2020-002.webp 904w, https:\/\/mairie-mauvezinsurgupie.com\/wp-content\/uploads\/2021\/09\/carte-pub-2020-002-300x210.webp 300w, https:\/\/mairie-mauvezinsurgupie.com\/wp-content\/uploads\/2021\/09\/carte-pub-2020-002-768x537.webp 768w\" sizes=\"(max-width: 904px) 100vw, 904px\" \/><\/figure><\/div>\n\n\n\n<p>T\u00e9l : 05 53 94 20 81 en me laissant un message.&nbsp;<\/p>\n\n\n\n<p>Email : <a href=\"mailto:cecbalutet@orange.fr\">cecbalutet@orange.fr<\/a><\/p>\n\n\n\n<p><\/p>\n\n\n\n<p><\/p>\n\n\n\n<hr class=\"wp-block-separator has-css-opacity\"\/>\n\n\n\n<h3><strong>Vente \u00e0 la ferme :<\/strong><\/h3>\n\n\n\n<p><strong>Bernard CIAGHI<\/strong><\/p>\n\n\n\n<p>Producteur de l\u00e9gumes<\/p>\n\n\n\n<p>Coordonn\u00e9es : Lieu-dit Au Terrier, 47200 Mauvezin sur Gupie<\/p>\n\n\n\n<p>\u200bT\u00e9l : 05 53 94 24 09 &#8211; 06 42 47 04 77<\/p>\n\n\n\n<p>Lundi, mercredi, vendredi : 14h \u00e0 19h<\/p>\n\n\n\n<p>Samedi : 9h \u00e0 19h<\/p>\n\n\n\n<hr class=\"wp-block-separator has-css-opacity is-style-wide\"\/>\n\n\n\n<p><strong>SAFR&rsquo;en FLEUR<\/strong><\/p>\n\n\n\n<p>Producteur de Safran<\/p>\n\n\n\n<p>Coordonn\u00e9es : Lieu-dit Grand Guillon, 47200 Mauvezin sur Gupie<\/p>\n\n\n\n<p>T\u00e9l : 06 76 73 95 28<\/p>\n\n\n\n<p>Email : <a href=\"mailto:safran.cp@orange.fr\">safran.cp@orange.fr<\/a><\/p>\n\n\n\n<hr class=\"wp-block-separator has-css-opacity\"\/>\n\n\n\n<h3><strong>Chambres d&rsquo;h\u00f4tes :<\/strong><\/h3>\n\n\n\n<p><strong>V\u00e9ronique et Michel WALTER<\/strong><\/p>\n\n\n\n<p>Coordonn\u00e9es : chemin de Conilh, 47200 Mauvezin-sur-Gupie<\/p>\n\n\n\n<p>T\u00e9l : 05 53 83 77 72 &#8211; 06 87 94 70 66<\/p>\n\n\n\n<p>Email : <a href=\"mailto:chambresdhotesleconilh@gmail.com\">chambresdhotesleconilh@gmail.com<\/a><\/p>\n\n\n\n<p>Site internet : <a rel=\"noreferrer noopener\" href=\"http:\/\/www.chambresdhotesleconilh.fr\" target=\"_blank\">www.chambresdhotesleconilh.fr<\/a> <\/p>\n\n\n\n<hr class=\"wp-block-separator has-text-color has-cyan-bluish-gray-color has-alpha-channel-opacity has-cyan-bluish-gray-background-color has-background is-style-wide\"\/>\n\n\n\n<p><strong>Sandrine ZAKNOUN-OLAH<\/strong><\/p>\n\n\n\n<p>Coordonn\u00e9es: route de la fontaine du pas, 47200 Mauvezin-sur-Gupie<\/p>\n\n\n\n<p>T\u00e9l: 06 46 91 64 39<\/p>\n\n\n\n<p>Email: lafontainedupas@gmail.com<\/p>\n","protected":false},"excerpt":{"rendered":"<p>Cette rubrique est d\u00e9di\u00e9e aux acteurs \u00e9conomiques de notre commune. N&rsquo;h\u00e9sitez pas \u00e0 nous communiquer vos coordonn\u00e9es compl\u00e8tes ainsi qu&rsquo;une br\u00e8ve description de votre activit\u00e9 afin que vous puissiez figurer dans cette rubrique. Artisans : TWS Autos D\u00e9pannage, r\u00e9paration, entretien, auto, tracteur motoculture \u00e0 domicile Coordonn\u00e9es : Lieu-dit Tapy, 47200 Mauvezin sur Gupie T\u00e9l :&#8230;<\/p>\n","protected":false},"author":1,"featured_media":0,"parent":0,"menu_order":0,"comment_status":"closed","ping_status":"closed","template":"","meta":[],"_links":{"self":[{"href":"https:\/\/mairie-mauvezinsurgupie.com\/index.php?rest_route=\/wp\/v2\/pages\/114"}],"collection":[{"href":"https:\/\/mairie-mauvezinsurgupie.com\/index.php?rest_route=\/wp\/v2\/pages"}],"about":[{"href":"https:\/\/mairie-mauvezinsurgupie.com\/index.php?rest_route=\/wp\/v2\/types\/page"}],"author":[{"embeddable":true,"href":"https:\/\/mairie-mauvezinsurgupie.com\/index.php?rest_route=\/wp\/v2\/users\/1"}],"replies":[{"embeddable":true,"href":"https:\/\/mairie-mauvezinsurgupie.com\/index.php?rest_route=%2Fwp%2Fv2%2Fcomments&post=114"}],"version-history":[{"count":9,"href":"https:\/\/mairie-mauvezinsurgupie.com\/index.php?rest_route=\/wp\/v2\/pages\/114\/revisions"}],"predecessor-version":[{"id":1216,"href":"https:\/\/mairie-mauvezinsurgupie.com\/index.php?rest_route=\/wp\/v2\/pages\/114\/revisions\/1216"}],"wp:attachment":[{"href":"https:\/\/mairie-mauvezinsurgupie.com\/index.php?rest_route=%2Fwp%2Fv2%2Fmedia&parent=114"}],"curies":[{"name":"wp","href":"https:\/\/api.w.org\/{rel}","templated":true}]}}