{"id":109,"date":"2021-09-28T12:01:01","date_gmt":"2021-09-28T10:01:01","guid":{"rendered":"http:\/\/mairie-mauvezinsurgupie.com\/?page_id=109"},"modified":"2026-04-01T13:32:52","modified_gmt":"2026-04-01T11:32:52","slug":"infos-pratiques-ecole-et-garderie","status":"publish","type":"page","link":"https:\/\/mairie-mauvezinsurgupie.com\/?page_id=109","title":{"rendered":"Infos Pratiques &#8211; \u00c9cole et Garderie"},"content":{"rendered":"\n<h3><strong>Horaire des cours :<\/strong><\/h3>\n\n\n\n<p>Lundi, mardi, jeudi et vendredi : 8h45-12h&nbsp;&nbsp;&nbsp;&nbsp;&nbsp; 12h- 13h30 cantine&nbsp;&nbsp;&nbsp;&nbsp;&nbsp;&nbsp;&nbsp; &nbsp;13h30-16h15<\/p>\n\n\n\n<p>Num\u00e9ro de t\u00e9l\u00e9phone de l&rsquo;\u00e9cole\/garderie : 05.53.94.20.52<\/p>\n\n\n\n<p>email: ec.prim.mauvezin.marmande@ac-bordeaux.fr<\/p>\n\n\n\n<p>\u200b<\/p>\n\n\n\n<h3><strong>Garderie<\/strong> : <strong>0.50 \u20ac TTC pa<\/strong>r<strong> demi journ\u00e9e<\/strong> (soit 0.50 \u20ac le matin et 0.50 \u20ac le soir)<\/h3>\n\n\n\n<h3><strong>Cantine :<\/strong> (prix actualis\u00e9s au 1er septembre 2024)<\/h3>\n\n\n\n<p>Prix du repas primaire: 4.02 \u20ac TTC <\/p>\n\n\n\n<p>Prix du repas adulte: 4.26 \u20ac TTC<\/p>\n\n\n\n<p>Dispositif de cantine \u00e0 1 \u20ac depuis le 1er janvier 2024<\/p>\n\n\n\n<p><strong>Nouveau ! <\/strong>simplifiez-vous la vie avec le pr\u00e9l\u00e8vement automatique.<\/p>\n\n\n\n<p>Renseignez-vous \u00e0 la mairie.<\/p>\n\n\n\n<p>\u200b<\/p>\n\n\n\n<h3><strong>Horaires de la garderie<\/strong> :<\/h3>\n\n\n\n<p>Lundi et mardi :&nbsp; 7h30 \u00e0 8h45 et 16h15 \u00e0 18h30<\/p>\n\n\n\n<p><em>Pas de garderie le mercredi<\/em><\/p>\n\n\n\n<p>Jeudi et vendredi :&nbsp; 7h30 \u00e0 8h45 et 16h15 \u00e0 18h30<\/p>\n\n\n\n<h3>\u200b<\/h3>\n\n\n\n<h3><strong>Transports scolaires :<\/strong><\/h3>\n\n\n\n<p>La mairie de Mauvezin-sur-Gupie propose un service de ramassage scolaire au d\u00e9part d&rsquo;Escassefort. N&rsquo;h\u00e9sitez pas \u00e0 contacter la Mairie afin de conna\u00eetre l&rsquo;arr\u00eat le plus proche de chez vous.<\/p>\n\n\n\n<p><strong>Nouveau !<\/strong><\/p>\n\n\n\n<p>Pour la rentr\u00e9e 2017, des frais d&rsquo;inscription s&rsquo;appliqueront :<\/p>\n\n\n\n<p>1er enfant : 15 \u20ac\/an<\/p>\n\n\n\n<p>2\u00e8me enfant : 10 \u20ac\/an<\/p>\n\n\n\n<p>3 \u00e8me enfant et + : 5 \u20ac\/an<\/p>\n\n\n\n<p>\u200b<em>Exemple :<\/em> pour un couple avec 2 enfants les frais d&rsquo;inscription seront de 15 \u20ac + 10 \u20ac soit 25 \u20ac\/an.<\/p>\n\n\n\n<p class=\"has-text-align-center\"><strong>AIDES POUR LES JEUNES<\/strong><\/p>\n\n\n\n<p><strong>Les aides financi\u00e8res pour les \u00e9l\u00e8ves et parents d\u2019\u00e9l\u00e8ves de la maternelle aux \u00e9tudes sup\u00e9rieures<\/strong><\/p>\n\n\n\n<p>La scolarit\u00e9 des enfants, adolescents et jeunes adultes induit des d\u00e9penses incontournables et on\u00e9reuses pour les familles. Allocation de Rentr\u00e9e Scolaire, bourses, Pass\u2019Sport etc. Diff\u00e9rentes aides financi\u00e8res existent pour soutenir les foyers aux revenus modestes. Voici les principales aides \u00e0 conna\u00eetre.<\/p>\n\n\n\n<p>Les aides accessibles quel que soit le niveau d\u2019\u00e9tudes<\/p>\n\n\n\n<ul>\n<li><strong>Allocation de rentr\u00e9e scolaire (ARS)<\/strong>&nbsp;: pour soutenir les familles d\u2019enfants de 6 \u00e0 18 ans, afin de faire face aux d\u00e9penses de la rentr\u00e9e scolaire. Plus d\u2019infos sur <a href=\"https:\/\/www.caf.fr\/allocataires\/aides-et-demarches\/droits-et-prestations\/vie-personnelle\/l-allocation-de-rentree-scolaire-ars\">caf.fr<\/a><\/li>\n\n\n\n<li><strong>Allocation d\u2019\u00e9ducation de l\u2019enfant handicap\u00e9 (AEEH)<\/strong>&nbsp;: pour soutenir les familles dont un enfant de moins de 20 ans pr\u00e9sente une incapacit\u00e9 comprise entre 50% et 79 %. Plus d\u2019infos sur&nbsp;<a href=\"https:\/\/www.caf.fr\/allocataires\/aides-et-demarches\/droits-et-prestations\/handicap\/l-allocation-d-education-de-l-enfant-handicape-aeeh\">caf.fr<\/a><\/li>\n\n\n\n<li><strong>Aide au temps libre&nbsp;(ATL) et bons loisirs<\/strong>&nbsp;: pour le financement des activit\u00e9s extra-scolaires des enfants et adolescents de 4 \u00e0 16 ans. Plus d\u2019infos sur&nbsp;<a href=\"https:\/\/www.service-public.fr\/particuliers\/vosdroits\/F33680\">Service-Public.fr<\/a><\/li>\n\n\n\n<li><strong>Pass\u2019Sport<\/strong>&nbsp;: pour financer la rentr\u00e9e sportive des enfants et jeunes adultes inscrits dans une association sportive, dans un club ou dans une salle de sport. Plus d\u2019infos sur&nbsp;<a href=\"https:\/\/www.sports.gouv.fr\/pass-sport-une-aide-financiere-la-pratique-sportive-295\">sports.gouv.fr<\/a><\/li>\n<\/ul>\n\n\n\n<p>Les aides \u00e0 l\u2019\u00e9cole maternelle:<\/p>\n\n\n\n<p><strong>Compl\u00e9ment de libre choix du mode de garde (CMG)<\/strong>&nbsp;: pour financer une partie des d\u00e9penses li\u00e9es \u00e0 la garde de votre enfant de moins de 6 ans. Plus d\u2019infos sur&nbsp;<a href=\"https:\/\/www.caf.fr\/allocataires\/aides-et-demarches\/droits-et-prestations\/vie-personnelle\/le-complement-de-libre-choix-du-mode-de-garde-cmg\">caf.fr<\/a><\/p>\n\n\n\n<p><strong>Cantine \u00e0 1 \u20ac<\/strong>&nbsp;: aide de l\u2019\u00c9tat destin\u00e9e aux communes rurales d\u00e9favoris\u00e9es de moins de 10 000 habitants et qui profite aux familles les plus modestes. Plus d\u2019infos sur&nbsp;<a href=\"https:\/\/www.asp-public.fr\/aides\/cantine-a-1-euro\">asp-public.fr<\/a><\/p>\n\n\n\n<p>Les aides \u00e0 l&rsquo;\u00e9cole \u00e9l\u00e9mentaire:<\/p>\n\n\n\n<p><strong>Bourse de fr\u00e9quentation scolaire<\/strong>&nbsp;: attribu\u00e9e aux enfants demi-pensionnaires ou pensionnaires scolaris\u00e9s dans une \u00e9cole \u00e9l\u00e9mentaire \u00e9loign\u00e9e du domicile familial. Plus d\u2019infos sur&nbsp;<a href=\"https:\/\/www.service-public.fr\/particuliers\/vosdroits\/F1883\">Service-Public.fr<\/a><\/p>\n\n\n\n<p><strong>Cantine \u00e0 1 \u20ac<\/strong>&nbsp;: aide de l\u2019\u00c9tat destin\u00e9e aux communes rurales d\u00e9favoris\u00e9es de moins de 10 000 habitants et qui profite aux familles les plus modestes. Plus d\u2019infos sur&nbsp;<a href=\"https:\/\/www.asp-public.fr\/aides\/cantine-a-1-euro\">asp-public.fr<\/a><\/p>\n\n\n\n<p>Les aides au coll\u00e8ge:<\/p>\n\n\n\n<p><strong>Bourse des coll\u00e8ges<\/strong>&nbsp;: attribu\u00e9es aux coll\u00e9giens pour une ann\u00e9e scolaire, et vers\u00e9es en trois fois selon les ressources et le nombre d\u2019enfants \u00e0 charge du foyer. Acc\u00e8s au <a href=\"https:\/\/calculateur-bourses.education.gouv.fr\/cabs\/api\/v1\/college\/simulateur.html\">simulateur de bourse<\/a><\/p>\n\n\n\n<p><strong>Fonds social coll\u00e9gien<\/strong>&nbsp;: aide exceptionnelle pour soutenir les familles en situations financi\u00e8res difficiles face aux d\u00e9penses de scolarit\u00e9 de leurs enfants coll\u00e9giens. Plus d\u2019infos sur&nbsp;<a href=\"https:\/\/www.service-public.fr\/particuliers\/vosdroits\/F1025\">Service-Public.fr<\/a><\/p>\n\n\n\n<p><strong>Fonds social pour les cantines<\/strong>&nbsp;: aide attribu\u00e9e par le chef d\u2019\u00e9tablissement scolaire aux coll\u00e9giens issus de milieux d\u00e9favoris\u00e9s. Plus d\u2019infos sur&nbsp;<a href=\"https:\/\/www.service-public.fr\/particuliers\/vosdroits\/F19294\">Service-Public.fr<\/a><\/p>\n\n\n\n<p><strong>Prime \u00e0 l\u2019internat<\/strong>&nbsp;: pour les coll\u00e9giens boursiers et scolaris\u00e9s en internat, vers\u00e9e en trois fois. Plus d\u2019infos sur&nbsp;<a href=\"https:\/\/www.service-public.fr\/particuliers\/vosdroits\/F1886\">Service-Public.fr<\/a><\/p>\n\n\n\n<p>Les aides au lyc\u00e9e:<\/p>\n\n\n\n<p><strong>Bourse de lyc\u00e9e<\/strong>&nbsp;: attribu\u00e9e aux lyc\u00e9ens pour une ann\u00e9e scolaire, et vers\u00e9e en trois fois selon les ressources et le nombre d\u2019enfants \u00e0 charge du foyer. Acc\u00e8s au&nbsp;<a href=\"https:\/\/calculateur-bourses.education.gouv.fr\/cabs\/api\/v1\/lycee\/simulateur.html\">simulateur de bourse<\/a><\/p>\n\n\n\n<p><strong>Prime de reprise d\u2019\u00e9tudes<\/strong>&nbsp;: destin\u00e9e aux lyc\u00e9ens boursiers en reprise d\u2019\u00e9tudes professionnelles, suite \u00e0 l\u2019abandon de leur cursus initial. Plus d\u2019infos sur&nbsp;<a href=\"https:\/\/www.service-public.fr\/particuliers\/vosdroits\/F33868\">Service-Public.fr<\/a><\/p>\n\n\n\n<p><strong>Bourse au m\u00e9rite<\/strong>&nbsp;: dispositif compl\u00e9mentaire vers\u00e9 aux lyc\u00e9ens boursiers ayant obtenu une mention \u201cbien\u201d ou \u201ctr\u00e8s bien\u201d au dipl\u00f4me national du brevet. Plus d\u2019infos sur&nbsp;<a href=\"https:\/\/www.service-public.fr\/particuliers\/vosdroits\/F32928\">Service-Public.fr<\/a><\/p>\n\n\n\n<p><strong>Fonds social lyc\u00e9en<\/strong>&nbsp;: aide exceptionnelle pour soutenir les familles en situations financi\u00e8res difficiles face aux d\u00e9penses de scolarit\u00e9 de leurs enfants lyc\u00e9ens. Plus d\u2019infos sur&nbsp;<a href=\"https:\/\/www.service-public.fr\/particuliers\/vosdroits\/F1025\">Service-Public.fr<\/a><\/p>\n\n\n\n<p><strong>Fonds social pour les cantines<\/strong>&nbsp;: aide attribu\u00e9e par le chef d\u2019\u00e9tablissement scolaire aux lyc\u00e9ens issus de milieux d\u00e9favoris\u00e9s. Plus d\u2019infos sur&nbsp;<a href=\"https:\/\/www.service-public.fr\/particuliers\/vosdroits\/F19294\">Service-Public.fr<\/a><\/p>\n\n\n\n<p><strong>Prime \u00e0 l\u2019internat<\/strong>&nbsp;: pour les lyc\u00e9ens boursiers et scolaris\u00e9s en internat. Plus d\u2019infos sur&nbsp;<a href=\"https:\/\/www.service-public.fr\/particuliers\/vosdroits\/F1886\">Service-Public.fr<\/a><\/p>\n\n\n\n<p><strong>Prime d\u2019\u00e9quipement dans la voie professionnelle<\/strong>&nbsp;: destin\u00e9e aux lyc\u00e9ens boursiers en cursus professionnel (brevet de technicien, CAP, bac pro\u2026). Plus d\u2019infos sur&nbsp;<a href=\"https:\/\/www.service-public.fr\/particuliers\/vosdroits\/F32915\">Service-Public.fr<\/a><\/p>\n\n\n\n<p>Les aides aux \u00e9tudes sup\u00e9rieures<\/p>\n\n\n\n<p><strong>Bourse sur crit\u00e8res sociaux (BCS)<\/strong>&nbsp;: attribu\u00e9e sous conditions (\u00e9tudes, \u00e2ge, dipl\u00f4mes, nationalit\u00e9 et ressources) aux \u00e9tudiants et futurs \u00e9tudiants en difficult\u00e9s mat\u00e9rielles. Acc\u00e8s au <a href=\"https:\/\/www.lescrous.fr\/nos-services\/une-offre-de-services-riche-et-de-qualite-pour-tous-les-etudiants\/#simulateur-de-bourse-testez-votre-eligibilite\">simulateur<\/a><\/p>\n\n\n\n<p><strong>Aide au m\u00e9rite<\/strong>&nbsp;: destin\u00e9e aux \u00e9tudiants boursiers les plus m\u00e9ritants, percevable jusqu\u2019\u00e0 plus de 3 fois par un m\u00eame \u00e9l\u00e8ve. Plus d\u2019infos sur&nbsp;<a href=\"https:\/\/www.service-public.fr\/particuliers\/vosdroits\/F1010\">Service-Public.fr<\/a><\/p>\n\n\n\n<p><strong>Bourses Talents<\/strong> : vers\u00e9e aux \u00e9tudiants les plus m\u00e9ritants pour pr\u00e9parer certains concours de la fonction publique. Plus d\u2019infos sur&nbsp;<a href=\"https:\/\/www.service-public.fr\/particuliers\/vosdroits\/F17482\">Service-Public.fr<\/a><\/p>\n\n\n\n<p><strong>Allocation sp\u00e9cifique annuelle<\/strong>&nbsp;: attribu\u00e9e sous conditions par le Crous aux \u00e9tudiants non boursiers en difficult\u00e9s financi\u00e8res durables. Plus d\u2019infos sur&nbsp;<a href=\"https:\/\/www.service-public.fr\/particuliers\/vosdroits\/F1024\">Service-Public.fr<\/a><\/p>\n\n\n\n<p><strong>Aide sp\u00e9cifique ponctuelle<\/strong>&nbsp;: attribu\u00e9e sous conditions par le Crous aux \u00e9tudiants non boursiers en difficult\u00e9s financi\u00e8res passag\u00e8res. Plus d\u2019infos sur&nbsp;<a href=\"https:\/\/www.service-public.fr\/particuliers\/vosdroits\/F34073\">Service-Public.fr<\/a><\/p>\n\n\n\n<p><strong>Acc\u00e8s \u00e0 un compte bancaire<\/strong>&nbsp;: pour les \u00e9l\u00e8ves majeurs, certaines banques en ligne <a href=\"https:\/\/finance-heros.fr\/meilleure-banque-ligne\/\"><\/a>proposent, sans conditions de revenus, des comptes 100% gratuits pour les fonctionnalit\u00e9s les plus utiles (carte bancaire, virements instantan\u00e9s, plafond de paiement \u00e9lev\u00e9 etc.). Plus d\u2019infos pour <a href=\"https:\/\/finance-heros.fr\/meilleure-banque-ligne\/\">choisir une banque en ligne<\/a> sur <a href=\"https:\/\/finance-heros.fr\/\">Finance-Heros.fr<\/a><\/p>\n\n\n\n<p><strong>Aide \u00e0 la mobilit\u00e9 Parcoursup<\/strong>&nbsp;: attribu\u00e9e aux bacheliers boursiers qui font leur rentr\u00e9e dans l\u2019enseignement sup\u00e9rieur en dehors de leur acad\u00e9mie de r\u00e9sidence. Plus d\u2019infos sur&nbsp;<a href=\"https:\/\/amp.etudiant.gouv.fr\/\">amp.etudiant.gouv.fr<\/a><\/p>\n\n\n\n<p><strong>Aide \u00e0 la mobilit\u00e9 internationale<\/strong>&nbsp;: attribu\u00e9e aux \u00e9tudiants boursiers qui suivent une formation sup\u00e9rieure \u00e0 l\u2019\u00e9tranger, ou qui effectuent un stage international. Plus d\u2019infos sur&nbsp;<a href=\"https:\/\/www.service-public.fr\/particuliers\/vosdroits\/F380\">Service-Public.fr<\/a><\/p>\n\n\n\n<p><strong>Aide \u00e0 la mobilit\u00e9 pour l\u2019\u00e9tudiant en Master<\/strong>&nbsp;: destin\u00e9e aux \u00e9tudiants boursiers qui poursuivent leurs \u00e9tudes sup\u00e9rieures en Master dans une autre r\u00e9gion acad\u00e9mique. Plus d\u2019infos sur <a href=\"https:\/\/www.service-public.fr\/particuliers\/vosdroits\/F34343\">Service-Public.fr<\/a><\/p>\n\n\n\n<p><strong>Pr\u00eat \u00e9tudiant garanti par l\u2019Etat :<\/strong> pr\u00eat \u00e9tudiant accord\u00e9 par une banque sans justificatif de revenus pour un montant maximum de 20 000 euros. Plus d\u2019infos sur&nbsp;<a href=\"https:\/\/www.service-public.fr\/particuliers\/vosdroits\/F986\">Service-Public.fr<\/a><\/p>\n\n\n\n<p><strong>Microcr\u00e9dit<\/strong>&nbsp;: un microcr\u00e9dit est un pr\u00eat accord\u00e9 sans conditions de revenus. Il peut \u00eatre utilis\u00e9 pour financer un projet personnel, visant \u00e0 une insertion sociale ou professionnelle (\u00e9tudes sup\u00e9rieures payantes, frais de scolarit\u00e9, mat\u00e9riel scolaire etc.). Comme tout cr\u00e9dit \u00e0 la consommation,&nbsp;<a href=\"https:\/\/www.moncreditexpress.fr\/mini-pret-instantane\/\">un mini pr\u00eat&nbsp;instantan\u00e9<\/a> est engageant et doit \u00eatre rembours\u00e9. Plus d\u2019infos sur&nbsp;<a href=\"http:\/\/moncreditexpress.fr\/\">Moncreditexpress.fr<\/a><\/p>\n\n\n\n<p><strong>Logement \u00e9tudiant du Crous<\/strong>&nbsp;: logements en r\u00e9sidence universitaire attribu\u00e9s sous conditions (\u00e9tudes, \u00e2ge, dipl\u00f4mes, nationalit\u00e9 et ressources). Plus d\u2019infos sur&nbsp;<a href=\"https:\/\/trouverunlogement.lescrous.fr\/\">trouverunlogement.lescrous.fr<\/a><\/p>\n\n\n\n<p><strong>Allocation de logement social (ALS)<\/strong>&nbsp;: vers\u00e9e aux \u00e9tudiants qui r\u00e9sident dans tous types de logements non conventionn\u00e9s, afin de r\u00e9duire le loyer. Plus d\u2019infos sur&nbsp;<a href=\"https:\/\/www.service-public.fr\/particuliers\/vosdroits\/F1280\">Service-Public.fr<\/a><\/p>\n\n\n\n<p><strong>Aide personnalis\u00e9e au logement (APL)<\/strong>&nbsp;: vers\u00e9e aux \u00e9tudiants qui r\u00e9sident dans un logement conventionn\u00e9, afin de r\u00e9duire le montant du loyer. Plus d\u2019infos sur&nbsp;<a href=\"https:\/\/www.service-public.fr\/particuliers\/vosdroits\/F12006\">Service-Public.fr<\/a><\/p>\n\n\n\n<p><strong>Bourse Erasmus+<\/strong> : vers\u00e9e pour couvrir les frais de voyage et de s\u00e9jour dans le pays europ\u00e9en d\u2019accueil. Plus d\u2019infos sur&nbsp;<a href=\"https:\/\/www.service-public.fr\/particuliers\/vosdroits\/F378\">Service-Public.fr<\/a><\/p>\n\n\n\n<p><strong>Avance Loca-Pass :<\/strong> pr\u00eat gratuit accord\u00e9 par Action logement \u00e0 un locataire \u00e9tudiant pour financer le d\u00e9p\u00f4t de garantie demand\u00e9 par son propri\u00e9taire bailleur. Plus d\u2019infos sur&nbsp;<a href=\"https:\/\/www.actionlogement.fr\/l-avance-loca-pass\">Actionlogement.fr<\/a><\/p>\n\n\n\n<p><strong>Garantie Visale :<\/strong> caution accord\u00e9e gratuitement par Action logement \u00e0 un locataire \u00e9tudiant. Plus d\u2019infos sur&nbsp;<a href=\"https:\/\/www.visale.fr\/\">Visale.fr<\/a><\/p>\n","protected":false},"excerpt":{"rendered":"<p>Horaire des cours : Lundi, mardi, jeudi et vendredi : 8h45-12h&nbsp;&nbsp;&nbsp;&nbsp;&nbsp; 12h- 13h30 cantine&nbsp;&nbsp;&nbsp;&nbsp;&nbsp;&nbsp;&nbsp; &nbsp;13h30-16h15 Num\u00e9ro de t\u00e9l\u00e9phone de l&rsquo;\u00e9cole\/garderie : 05.53.94.20.52 email: ec.prim.mauvezin.marmande@ac-bordeaux.fr \u200b Garderie : 0.50 \u20ac TTC par demi journ\u00e9e (soit 0.50 \u20ac le matin et 0.50 \u20ac le soir) Cantine : (prix actualis\u00e9s au 1er septembre 2024) Prix du repas primaire:&#8230;<\/p>\n","protected":false},"author":1,"featured_media":112,"parent":0,"menu_order":0,"comment_status":"closed","ping_status":"closed","template":"","meta":[],"_links":{"self":[{"href":"https:\/\/mairie-mauvezinsurgupie.com\/index.php?rest_route=\/wp\/v2\/pages\/109"}],"collection":[{"href":"https:\/\/mairie-mauvezinsurgupie.com\/index.php?rest_route=\/wp\/v2\/pages"}],"about":[{"href":"https:\/\/mairie-mauvezinsurgupie.com\/index.php?rest_route=\/wp\/v2\/types\/page"}],"author":[{"embeddable":true,"href":"https:\/\/mairie-mauvezinsurgupie.com\/index.php?rest_route=\/wp\/v2\/users\/1"}],"replies":[{"embeddable":true,"href":"https:\/\/mairie-mauvezinsurgupie.com\/index.php?rest_route=%2Fwp%2Fv2%2Fcomments&post=109"}],"version-history":[{"count":8,"href":"https:\/\/mairie-mauvezinsurgupie.com\/index.php?rest_route=\/wp\/v2\/pages\/109\/revisions"}],"predecessor-version":[{"id":1616,"href":"https:\/\/mairie-mauvezinsurgupie.com\/index.php?rest_route=\/wp\/v2\/pages\/109\/revisions\/1616"}],"wp:featuredmedia":[{"embeddable":true,"href":"https:\/\/mairie-mauvezinsurgupie.com\/index.php?rest_route=\/wp\/v2\/media\/112"}],"wp:attachment":[{"href":"https:\/\/mairie-mauvezinsurgupie.com\/index.php?rest_route=%2Fwp%2Fv2%2Fmedia&parent=109"}],"curies":[{"name":"wp","href":"https:\/\/api.w.org\/{rel}","templated":true}]}}